{"id":172,"date":"2026-02-20T10:49:49","date_gmt":"2026-02-20T10:49:49","guid":{"rendered":"https:\/\/capoceanvendee.com\/?page_id=172"},"modified":"2026-03-06T14:35:04","modified_gmt":"2026-03-06T14:35:04","slug":"infos-pratiques","status":"publish","type":"page","link":"https:\/\/capoceanvendee.com\/index.php\/infos-pratiques\/","title":{"rendered":"Infos Pratiques"},"content":{"rendered":"","protected":false},"excerpt":{"rendered":"","protected":false},"author":1,"featured_media":0,"parent":0,"menu_order":0,"comment_status":"closed","ping_status":"closed","template":"","meta":{"footnotes":""},"class_list":["post-172","page","type-page","status-publish","hentry"],"yoast_head":"<!-- This site is optimized with the Yoast SEO plugin v27.2 - https:\/\/yoast.com\/product\/yoast-seo-wordpress\/ -->\n<title>Infos Pratiques - Cap Oc\u00e9an Croisi\u00e8res<\/title>\n<meta name=\"robots\" content=\"index, follow, max-snippet:-1, max-image-preview:large, max-video-preview:-1\" \/>\n<link rel=\"canonical\" href=\"http:\/\/capoceanvendee.com\/index.php\/infos-pratiques\/\" \/>\n<meta property=\"og:locale\" content=\"fr_FR\" \/>\n<meta property=\"og:type\" content=\"article\" \/>\n<meta property=\"og:title\" content=\"Infos Pratiques - Cap Oc\u00e9an Croisi\u00e8res\" \/>\n<meta property=\"og:url\" content=\"http:\/\/capoceanvendee.com\/index.php\/infos-pratiques\/\" \/>\n<meta property=\"og:site_name\" content=\"Cap Oc\u00e9an Croisi\u00e8res\" \/>\n<meta property=\"article:publisher\" content=\"https:\/\/www.facebook.com\/profile.php?id=100091331576066\" \/>\n<meta property=\"article:modified_time\" content=\"2026-03-06T14:35:04+00:00\" \/>\n<meta name=\"twitter:card\" content=\"summary_large_image\" \/>\n<script type=\"application\/ld+json\" class=\"yoast-schema-graph\">{\"@context\":\"https:\/\/schema.org\",\"@graph\":[{\"@type\":\"WebPage\",\"@id\":\"http:\/\/capoceanvendee.com\/index.php\/infos-pratiques\/\",\"url\":\"http:\/\/capoceanvendee.com\/index.php\/infos-pratiques\/\",\"name\":\"Infos Pratiques - Cap Oc\u00e9an Croisi\u00e8res\",\"isPartOf\":{\"@id\":\"http:\/\/capoceanvendee.com\/#website\"},\"datePublished\":\"2026-02-20T10:49:49+00:00\",\"dateModified\":\"2026-03-06T14:35:04+00:00\",\"breadcrumb\":{\"@id\":\"http:\/\/capoceanvendee.com\/index.php\/infos-pratiques\/#breadcrumb\"},\"inLanguage\":\"fr-FR\",\"potentialAction\":[{\"@type\":\"ReadAction\",\"target\":[\"http:\/\/capoceanvendee.com\/index.php\/infos-pratiques\/\"]}]},{\"@type\":\"BreadcrumbList\",\"@id\":\"http:\/\/capoceanvendee.com\/index.php\/infos-pratiques\/#breadcrumb\",\"itemListElement\":[{\"@type\":\"ListItem\",\"position\":1,\"name\":\"Accueil\",\"item\":\"http:\/\/capoceanvendee.com\/\"},{\"@type\":\"ListItem\",\"position\":2,\"name\":\"Infos Pratiques\"}]},{\"@type\":\"WebSite\",\"@id\":\"http:\/\/capoceanvendee.com\/#website\",\"url\":\"http:\/\/capoceanvendee.com\/\",\"name\":\"Cap Oc\u00e9an Croisi\u00e8res\",\"description\":\"D\u00e9couvrez Noirmoutier en Catamaran\",\"publisher\":{\"@id\":\"http:\/\/capoceanvendee.com\/#organization\"},\"potentialAction\":[{\"@type\":\"SearchAction\",\"target\":{\"@type\":\"EntryPoint\",\"urlTemplate\":\"http:\/\/capoceanvendee.com\/?s={search_term_string}\"},\"query-input\":{\"@type\":\"PropertyValueSpecification\",\"valueRequired\":true,\"valueName\":\"search_term_string\"}}],\"inLanguage\":\"fr-FR\"},{\"@type\":\"Organization\",\"@id\":\"http:\/\/capoceanvendee.com\/#organization\",\"name\":\"Cap Oc\u00e9an Croisi\u00e8res\",\"url\":\"http:\/\/capoceanvendee.com\/\",\"logo\":{\"@type\":\"ImageObject\",\"inLanguage\":\"fr-FR\",\"@id\":\"http:\/\/capoceanvendee.com\/#\/schema\/logo\/image\/\",\"url\":\"https:\/\/capoceanvendee.com\/wp-content\/uploads\/2026\/02\/capocean-logo-2.svg\",\"contentUrl\":\"https:\/\/capoceanvendee.com\/wp-content\/uploads\/2026\/02\/capocean-logo-2.svg\",\"caption\":\"Cap Oc\u00e9an Croisi\u00e8res\"},\"image\":{\"@id\":\"http:\/\/capoceanvendee.com\/#\/schema\/logo\/image\/\"},\"sameAs\":[\"https:\/\/www.facebook.com\/profile.php?id=100091331576066\",\"https:\/\/www.instagram.com\/capoceanplongeenoirmoutier\/\"]}]}<\/script>\n<!-- \/ Yoast SEO plugin. -->","yoast_head_json":{"title":"Infos Pratiques - Cap Oc\u00e9an Croisi\u00e8res","robots":{"index":"index","follow":"follow","max-snippet":"max-snippet:-1","max-image-preview":"max-image-preview:large","max-video-preview":"max-video-preview:-1"},"canonical":"http:\/\/capoceanvendee.com\/index.php\/infos-pratiques\/","og_locale":"fr_FR","og_type":"article","og_title":"Infos Pratiques - Cap Oc\u00e9an Croisi\u00e8res","og_url":"http:\/\/capoceanvendee.com\/index.php\/infos-pratiques\/","og_site_name":"Cap Oc\u00e9an Croisi\u00e8res","article_publisher":"https:\/\/www.facebook.com\/profile.php?id=100091331576066","article_modified_time":"2026-03-06T14:35:04+00:00","twitter_card":"summary_large_image","schema":{"@context":"https:\/\/schema.org","@graph":[{"@type":"WebPage","@id":"http:\/\/capoceanvendee.com\/index.php\/infos-pratiques\/","url":"http:\/\/capoceanvendee.com\/index.php\/infos-pratiques\/","name":"Infos Pratiques - Cap Oc\u00e9an Croisi\u00e8res","isPartOf":{"@id":"http:\/\/capoceanvendee.com\/#website"},"datePublished":"2026-02-20T10:49:49+00:00","dateModified":"2026-03-06T14:35:04+00:00","breadcrumb":{"@id":"http:\/\/capoceanvendee.com\/index.php\/infos-pratiques\/#breadcrumb"},"inLanguage":"fr-FR","potentialAction":[{"@type":"ReadAction","target":["http:\/\/capoceanvendee.com\/index.php\/infos-pratiques\/"]}]},{"@type":"BreadcrumbList","@id":"http:\/\/capoceanvendee.com\/index.php\/infos-pratiques\/#breadcrumb","itemListElement":[{"@type":"ListItem","position":1,"name":"Accueil","item":"http:\/\/capoceanvendee.com\/"},{"@type":"ListItem","position":2,"name":"Infos Pratiques"}]},{"@type":"WebSite","@id":"http:\/\/capoceanvendee.com\/#website","url":"http:\/\/capoceanvendee.com\/","name":"Cap Oc\u00e9an Croisi\u00e8res","description":"D\u00e9couvrez Noirmoutier en Catamaran","publisher":{"@id":"http:\/\/capoceanvendee.com\/#organization"},"potentialAction":[{"@type":"SearchAction","target":{"@type":"EntryPoint","urlTemplate":"http:\/\/capoceanvendee.com\/?s={search_term_string}"},"query-input":{"@type":"PropertyValueSpecification","valueRequired":true,"valueName":"search_term_string"}}],"inLanguage":"fr-FR"},{"@type":"Organization","@id":"http:\/\/capoceanvendee.com\/#organization","name":"Cap Oc\u00e9an Croisi\u00e8res","url":"http:\/\/capoceanvendee.com\/","logo":{"@type":"ImageObject","inLanguage":"fr-FR","@id":"http:\/\/capoceanvendee.com\/#\/schema\/logo\/image\/","url":"https:\/\/capoceanvendee.com\/wp-content\/uploads\/2026\/02\/capocean-logo-2.svg","contentUrl":"https:\/\/capoceanvendee.com\/wp-content\/uploads\/2026\/02\/capocean-logo-2.svg","caption":"Cap Oc\u00e9an Croisi\u00e8res"},"image":{"@id":"http:\/\/capoceanvendee.com\/#\/schema\/logo\/image\/"},"sameAs":["https:\/\/www.facebook.com\/profile.php?id=100091331576066","https:\/\/www.instagram.com\/capoceanplongeenoirmoutier\/"]}]}},"_links":{"self":[{"href":"https:\/\/capoceanvendee.com\/index.php\/wp-json\/wp\/v2\/pages\/172","targetHints":{"allow":["GET"]}}],"collection":[{"href":"https:\/\/capoceanvendee.com\/index.php\/wp-json\/wp\/v2\/pages"}],"about":[{"href":"https:\/\/capoceanvendee.com\/index.php\/wp-json\/wp\/v2\/types\/page"}],"author":[{"embeddable":true,"href":"https:\/\/capoceanvendee.com\/index.php\/wp-json\/wp\/v2\/users\/1"}],"replies":[{"embeddable":true,"href":"https:\/\/capoceanvendee.com\/index.php\/wp-json\/wp\/v2\/comments?post=172"}],"version-history":[{"count":1,"href":"https:\/\/capoceanvendee.com\/index.php\/wp-json\/wp\/v2\/pages\/172\/revisions"}],"predecessor-version":[{"id":173,"href":"https:\/\/capoceanvendee.com\/index.php\/wp-json\/wp\/v2\/pages\/172\/revisions\/173"}],"wp:attachment":[{"href":"https:\/\/capoceanvendee.com\/index.php\/wp-json\/wp\/v2\/media?parent=172"}],"curies":[{"name":"wp","href":"https:\/\/api.w.org\/{rel}","templated":true}]}}